{"id":338,"date":"2023-08-04T11:12:14","date_gmt":"2023-08-04T09:12:14","guid":{"rendered":"https:\/\/lebendige-hoffnung.de\/blog\/?page_id=338"},"modified":"2024-06-25T12:03:50","modified_gmt":"2024-06-25T10:03:50","slug":"bibelkreis","status":"publish","type":"page","link":"https:\/\/lebendige-hoffnung.de\/blog\/gruppen\/bibelkreis\/","title":{"rendered":"Bibelkreis"},"content":{"rendered":"\t\t<div data-elementor-type=\"wp-page\" data-elementor-id=\"338\" class=\"elementor elementor-338\">\n\t\t\t\t\t\t<section class=\"elementor-section elementor-top-section elementor-element elementor-element-17b1c2d elementor-section-boxed elementor-section-height-default elementor-section-height-default\" data-id=\"17b1c2d\" data-element_type=\"section\" data-e-type=\"section\">\n\t\t\t\t\t\t\t<div class=\"elementor-background-overlay\"><\/div>\n\t\t\t\t\t\t\t<div class=\"elementor-container elementor-column-gap-default\">\n\t\t\t\t\t<div class=\"elementor-column elementor-col-100 elementor-top-column elementor-element elementor-element-112bc16\" data-id=\"112bc16\" data-element_type=\"column\" data-e-type=\"column\">\n\t\t\t<div class=\"elementor-widget-wrap elementor-element-populated\">\n\t\t\t\t\t\t<div class=\"elementor-element elementor-element-e1c960e elementor-widget elementor-widget-text-editor\" data-id=\"e1c960e\" data-element_type=\"widget\" data-e-type=\"widget\" data-widget_type=\"text-editor.default\">\n\t\t\t\t<div class=\"elementor-widget-container\">\n\t\t\t\t\t\t\t\t\t<p style=\"text-align: center;\">Und sie blieben best\u00e4ndig in der Lehre der Apostel <br \/>und in der Gemeinschaft und im Brotbrechen und in den Gebeten.<\/p><p style=\"text-align: center;\">Apostelgeschichte 2,42<\/p>\t\t\t\t\t\t\t\t<\/div>\n\t\t\t\t<\/div>\n\t\t\t\t\t<\/div>\n\t\t<\/div>\n\t\t\t\t\t<\/div>\n\t\t<\/section>\n\t\t\t\t<section class=\"elementor-section elementor-top-section elementor-element elementor-element-839f2b3 elementor-section-full_width elementor-section-content-middle elementor-section-height-default elementor-section-height-default\" data-id=\"839f2b3\" data-element_type=\"section\" data-e-type=\"section\" data-settings=\"{&quot;background_background&quot;:&quot;classic&quot;}\">\n\t\t\t\t\t\t<div class=\"elementor-container elementor-column-gap-no\">\n\t\t\t\t\t<div class=\"elementor-column elementor-col-50 elementor-top-column elementor-element elementor-element-6ade666\" data-id=\"6ade666\" data-element_type=\"column\" data-e-type=\"column\">\n\t\t\t<div class=\"elementor-widget-wrap elementor-element-populated\">\n\t\t\t\t\t\t<div class=\"elementor-element elementor-element-ec91560 animated-slow elementor-invisible elementor-widget elementor-widget-image\" data-id=\"ec91560\" data-element_type=\"widget\" data-e-type=\"widget\" data-settings=\"{&quot;_animation&quot;:&quot;slideInRight&quot;}\" data-widget_type=\"image.default\">\n\t\t\t\t<div class=\"elementor-widget-container\">\n\t\t\t\t\t\t\t\t\t\t\t\t\t\t\t<img fetchpriority=\"high\" decoding=\"async\" width=\"2688\" height=\"1545\" src=\"https:\/\/lebendige-hoffnung.de\/blog\/wp-content\/uploads\/2023\/12\/Bibelkreis-Homepage-1-e1703270084560.png\" class=\"attachment-full size-full wp-image-996\" alt=\"\" srcset=\"https:\/\/lebendige-hoffnung.de\/blog\/wp-content\/uploads\/2023\/12\/Bibelkreis-Homepage-1-e1703270084560.png 2688w, https:\/\/lebendige-hoffnung.de\/blog\/wp-content\/uploads\/2023\/12\/Bibelkreis-Homepage-1-e1703270084560-300x172.png 300w, https:\/\/lebendige-hoffnung.de\/blog\/wp-content\/uploads\/2023\/12\/Bibelkreis-Homepage-1-e1703270084560-1024x589.png 1024w, https:\/\/lebendige-hoffnung.de\/blog\/wp-content\/uploads\/2023\/12\/Bibelkreis-Homepage-1-e1703270084560-768x441.png 768w, https:\/\/lebendige-hoffnung.de\/blog\/wp-content\/uploads\/2023\/12\/Bibelkreis-Homepage-1-e1703270084560-1536x883.png 1536w, https:\/\/lebendige-hoffnung.de\/blog\/wp-content\/uploads\/2023\/12\/Bibelkreis-Homepage-1-e1703270084560-2048x1177.png 2048w\" sizes=\"(max-width: 2688px) 100vw, 2688px\" \/>\t\t\t\t\t\t\t\t\t\t\t\t\t\t\t<\/div>\n\t\t\t\t<\/div>\n\t\t\t\t\t<\/div>\n\t\t<\/div>\n\t\t\t\t<div class=\"elementor-column elementor-col-50 elementor-top-column elementor-element elementor-element-fd6064f\" data-id=\"fd6064f\" data-element_type=\"column\" data-e-type=\"column\">\n\t\t\t<div class=\"elementor-widget-wrap elementor-element-populated\">\n\t\t\t\t\t\t<div class=\"elementor-element elementor-element-3669804 elementor-widget elementor-widget-heading\" data-id=\"3669804\" data-element_type=\"widget\" data-e-type=\"widget\" data-widget_type=\"heading.default\">\n\t\t\t\t<div class=\"elementor-widget-container\">\n\t\t\t\t\t<h2 class=\"elementor-heading-title elementor-size-xxl\">Bibelkreis<\/h2>\t\t\t\t<\/div>\n\t\t\t\t<\/div>\n\t\t\t\t<div class=\"elementor-element elementor-element-afe190c elementor-widget elementor-widget-text-editor\" data-id=\"afe190c\" data-element_type=\"widget\" data-e-type=\"widget\" data-widget_type=\"text-editor.default\">\n\t\t\t\t<div class=\"elementor-widget-container\">\n\t\t\t\t\t\t\t\t\t<p style=\"text-align: center;\">Suchst du nach einer Gruppe von gl\u00e4ubigen Menschen, die zusammenkommen, um <strong>die Bibel gemeinsam<\/strong> zu <strong>erforschen<\/strong> und sich dar\u00fcber auszutauschen? Dann bist du hier genau richtig! Unser Bibelkreis ist eine Kleingruppe, die sich <strong>jeden Donnerstag um 19:30 Uhr<\/strong> trifft. <br \/>Bei uns steht die Treue zur Bibel im Mittelpunkt. Wir glauben fest an die Wahrheit und Autorit\u00e4t des Wortes Gottes und m\u00f6chten diese gemeinsam entdecken und verstehen. Unsere Treffen bieten eine offene und herzliche Atmosph\u00e4re, in der wir \u00fcber biblische Themen reden, Fragen stellen und gemeinsam tiefer in Gottes Wort eintauchen. Wir singen und beten zusammen, um Gott die Ehre zu geben und unsere Anliegen vor ihm hinzulegen. <br \/>Egal, ob du schon lange im Glauben bist oder gerade erst anf\u00e4ngst, <strong>du bist herzlich eingeladen<\/strong>, bei uns vorbeizuschauen. Wir freuen uns darauf, dich kennenzulernen.<\/p>\t\t\t\t\t\t\t\t<\/div>\n\t\t\t\t<\/div>\n\t\t\t\t<div class=\"elementor-element elementor-element-41199fb elementor-tablet-align-center elementor-widget elementor-widget-button\" data-id=\"41199fb\" data-element_type=\"widget\" data-e-type=\"widget\" data-widget_type=\"button.default\">\n\t\t\t\t<div class=\"elementor-widget-container\">\n\t\t\t\t\t\t\t\t\t<div class=\"elementor-button-wrapper\">\n\t\t\t\t\t<a class=\"elementor-button elementor-button-link elementor-size-sm elementor-animation-float\" href=\"https:\/\/lebendige-hoffnung.de\/blog\/ueber-uns\/\">\n\t\t\t\t\t\t<span class=\"elementor-button-content-wrapper\">\n\t\t\t\t\t\t\t\t\t<span class=\"elementor-button-text\">was wir glauben<\/span>\n\t\t\t\t\t<\/span>\n\t\t\t\t\t<\/a>\n\t\t\t\t<\/div>\n\t\t\t\t\t\t\t\t<\/div>\n\t\t\t\t<\/div>\n\t\t\t\t\t<\/div>\n\t\t<\/div>\n\t\t\t\t\t<\/div>\n\t\t<\/section>\n\t\t\t\t<section class=\"elementor-section elementor-top-section elementor-element elementor-element-f518625 elementor-section-boxed elementor-section-height-default elementor-section-height-default\" data-id=\"f518625\" data-element_type=\"section\" data-e-type=\"section\">\n\t\t\t\t\t\t<div class=\"elementor-container elementor-column-gap-default\">\n\t\t\t\t\t<div class=\"elementor-column elementor-col-100 elementor-top-column elementor-element elementor-element-d608c51\" data-id=\"d608c51\" data-element_type=\"column\" data-e-type=\"column\">\n\t\t\t<div class=\"elementor-widget-wrap elementor-element-populated\">\n\t\t\t\t\t\t<div class=\"elementor-element elementor-element-989ead5 elementor-widget elementor-widget-spacer\" data-id=\"989ead5\" data-element_type=\"widget\" data-e-type=\"widget\" data-widget_type=\"spacer.default\">\n\t\t\t\t<div class=\"elementor-widget-container\">\n\t\t\t\t\t\t\t<div class=\"elementor-spacer\">\n\t\t\t<div class=\"elementor-spacer-inner\"><\/div>\n\t\t<\/div>\n\t\t\t\t\t\t<\/div>\n\t\t\t\t<\/div>\n\t\t\t\t\t<\/div>\n\t\t<\/div>\n\t\t\t\t\t<\/div>\n\t\t<\/section>\n\t\t\t\t<\/div>\n\t\t","protected":false},"excerpt":{"rendered":"<p>Und sie blieben best\u00e4ndig in der Lehre der Apostel und in der Gemeinschaft und im Brotbrechen und in den Gebeten. Apostelgeschichte 2,42 Bibelkreis Suchst du nach einer Gruppe von gl\u00e4ubigen Menschen, die zusammenkommen, um die Bibel gemeinsam zu erforschen und sich dar\u00fcber auszutauschen? Dann bist du hier genau richtig! Unser Bibelkreis ist eine Kleingruppe, die [&hellip;]<\/p>\n","protected":false},"author":2,"featured_media":0,"parent":40,"menu_order":0,"comment_status":"closed","ping_status":"closed","template":"","meta":{"_mc_calendar":[],"footnotes":""},"class_list":["post-338","page","type-page","status-publish","hentry"],"_links":{"self":[{"href":"https:\/\/lebendige-hoffnung.de\/blog\/wp-json\/wp\/v2\/pages\/338","targetHints":{"allow":["GET"]}}],"collection":[{"href":"https:\/\/lebendige-hoffnung.de\/blog\/wp-json\/wp\/v2\/pages"}],"about":[{"href":"https:\/\/lebendige-hoffnung.de\/blog\/wp-json\/wp\/v2\/types\/page"}],"author":[{"embeddable":true,"href":"https:\/\/lebendige-hoffnung.de\/blog\/wp-json\/wp\/v2\/users\/2"}],"replies":[{"embeddable":true,"href":"https:\/\/lebendige-hoffnung.de\/blog\/wp-json\/wp\/v2\/comments?post=338"}],"version-history":[{"count":73,"href":"https:\/\/lebendige-hoffnung.de\/blog\/wp-json\/wp\/v2\/pages\/338\/revisions"}],"predecessor-version":[{"id":1310,"href":"https:\/\/lebendige-hoffnung.de\/blog\/wp-json\/wp\/v2\/pages\/338\/revisions\/1310"}],"up":[{"embeddable":true,"href":"https:\/\/lebendige-hoffnung.de\/blog\/wp-json\/wp\/v2\/pages\/40"}],"wp:attachment":[{"href":"https:\/\/lebendige-hoffnung.de\/blog\/wp-json\/wp\/v2\/media?parent=338"}],"curies":[{"name":"wp","href":"https:\/\/api.w.org\/{rel}","templated":true}]}}